{"id":2529,"date":"2025-10-01T17:27:10","date_gmt":"2025-10-01T15:27:10","guid":{"rendered":"https:\/\/www.savernou.com\/?page_id=2529"},"modified":"2026-04-01T18:00:22","modified_gmt":"2026-04-01T16:00:22","slug":"nouvelle-saveur","status":"publish","type":"page","link":"https:\/\/www.savernou.com\/de\/nouvelle-saveur\/","title":{"rendered":"Nouvelle recette"},"content":{"rendered":"<section class=\"intro\" data-scroll-section>\n    <div class=\"container\">\n        <div class=\"bloc-title\">\n            <h1>Le Mini Stick raclette,  la nouvelle saveur irr\u00e9sistible \u00e0 souhait<\/h1>\n            <p><strong><em>L\u2019automne 2025 promet d\u2019\u00eatre riche en go\u00fbt avec Savernou. En effet, notre marque reconnue pour son savoir-faire charcutier et ses saucissons secs de qualit\u00e9 sup\u00e9rieure, d\u00e9voile \u00e0 compter du mois d\u2019octobre, une nouveaut\u00e9 qui sent bon les sommets enneig\u00e9s : le Mini Stick saveur raclette. Une innovation gourmande et r\u00e9confortante, pens\u00e9e pour accompagner les instants conviviaux de l\u2019hiver autour d\u2019une saveur raclette qui met tout le monde d\u2019accord !<\/em><\/strong><\/p>\n\n        <\/div>\n    <\/div>\n<\/section>\n\n\n    <section class=\"texte-image left  \" data-scroll-section>\n                        <svg width=\"1440\" preserveAspectRatio=\"none\" height=\"179\" viewBox=\"0 0 1440 179\" fill=\"none\" xmlns=\"http:\/\/www.w3.org\/2000\/svg\">\n                <path class=\"path\" d=\"M-18.5527 178.168C-14.459 172.71 101.077 107.239 353.501 145.444C605.925 183.648 892.904 -59.2479 1062.1 15.7972C1231.29 90.8423 1273.59 100.394 1325.44 58.0956C1377.29 15.7972 1262.67 0.788486 1264.04 58.0956C1265.4 115.403 1377.29 84.0203 1494.63 118.132\" stroke=\"black\" stroke-linejoin=\"round\" \/>\n                <path class=\"dashed\" d=\"M-18.5527 178.168C-14.459 172.71 101.077 107.239 353.501 145.444C605.925 183.648 892.904 -59.2479 1062.1 15.7972C1231.29 90.8423 1273.59 100.394 1325.44 58.0956C1377.29 15.7972 1262.67 0.788486 1264.04 58.0956C1265.4 115.403 1377.29 84.0203 1494.63 118.132\" fill=\"none\" stroke=\"#fff\" stroke-width=\"4\" stroke-linejoin=\"round\"\/>\n            <\/svg>\n                <div class=\"container\">\n        <div class=\"bloc-txt\">\n            <h2><\/h2>\n            <p>Chez Savernou, <strong>on ne plaisante pas avec le go\u00fbt<\/strong>. Et quand l\u2019hiver pointe le bout de son nez, une envie revient inlassablement dans tous les foyers fran\u00e7ais : la raclette. Ce go\u00fbt embl\u00e9matique, r\u00e9confortant et g\u00e9n\u00e9reux, s\u2019invite aujourd\u2019hui dans notre gamme avec une nouveaut\u00e9 qui va faire fondre les amateurs de snacking de caract\u00e8re : <strong>le Mini Stick Raclette<\/strong>.<\/p>\n<p><strong>La saveur raclette\u00a0: star de l\u2019hiver en format nomade<\/strong><\/p>\n<p>\u00c9labor\u00e9s \u00e0 partir de viande de porc 100 % fran\u00e7aise, <strong>les Mini Sticks<\/strong> sont enrichis de <strong>11 % de fromage \u00e0 raclette <\/strong>au lait de vaches fran\u00e7aises, pour une touche savoureuse. Ce mariage entre saucisson sec et fromage embl\u00e9matique de l\u2019hiver offre une exp\u00e9rience gustative in\u00e9dite, id\u00e9ale pour des ap\u00e9ros au coin du feu ou avec des amis autour d\u2019une raclette party\u00a0!<\/p>\n<p>Conditionn\u00e9s en sachets de 80 g contenant 7 \u00e0 8 mini sticks, les <strong>Mini Stick saveur raclette<\/strong> se glissent facilement dans un sac \u00e0 dos, une lunch box. Leur format individuel et leur praticit\u00e9 en font une solution parfaite pour les consommateurs en qu\u00eate de plaisir sur le pouce.<\/p>\n<p>En plus d\u2019une recette originale, Savernou mise sur un packaging aux couleurs de l\u2019hiver pour les <strong>Mini Sticks Raclette<\/strong>. Ce design festif, propice aux f\u00eates invite au partage et \u00e0 la gourmandise.<\/p>\n\n                            <a href=\"https:\/\/www.savernou.com\/de\/produits\/mini-sticks-raclette\/\" class=\"bloc\">\n                    <div class=\"profil\">\n                        <picture>\n                            <source\n                                type=\"image\/webp\"\n                                srcset=\"https:\/\/www.savernou.com\/app\/uploads\/2026\/03\/savernou_packing_raclette_vignette_web_480x480px_v4-95x95.webp, https:\/\/www.savernou.com\/app\/uploads\/2026\/03\/savernou_packing_raclette_vignette_web_480x480px_v4-190x190@2x.webp 2x\"\n                            >\n                            <source\n                                type=\"image\/jpeg\"\n                                srcset=\"https:\/\/www.savernou.com\/app\/uploads\/2026\/03\/savernou_packing_raclette_vignette_web_480x480px_v4-95x95.jpg, https:\/\/www.savernou.com\/app\/uploads\/2026\/03\/savernou_packing_raclette_vignette_web_480x480px_v4-190x190@2x.jpg 2x\"\n                            >\n                            <img decoding=\"async\" src=\"https:\/\/www.savernou.com\/app\/uploads\/2026\/03\/savernou_packing_raclette_vignette_web_480x480px_v4-95x95.png\" loading=\"lazy\" alt=\"Mini Sticks Raclette\" \/>\n                        <\/picture>\n                    <\/div>\n                    <div class=\"contain-txt\">\n                        <p class=\"title\" style=\"color:#c1651f\">Entdecken Sie weitere Produkte<\/p>\n                        <p class=\"name\">Mini Sticks Raclette<\/p>\n                        <span class=\"arrow\" style=\"background-color:#c1651f\">arrow<\/span>\n                        <span style=\"border:1px solid #c1651f\">arrow<\/span>\n                    <\/div>\n                <\/a>\n                                <\/div>\n        <div class=\"bloc-img brush\">\n            <picture>\n                <source\n                type=\"image\/webp\"\n                srcset=\"https:\/\/www.savernou.com\/app\/uploads\/2026\/03\/savernou_packing_raclette_vignette_web_480x480px_v4.webp, https:\/\/www.savernou.com\/app\/uploads\/2026\/03\/savernou_packing_raclette_vignette_web_480x480px_v4@2x.webp 2x\"\n                >\n                <source\n                type=\"image\/jpeg\"\n                srcset=\"https:\/\/www.savernou.com\/app\/uploads\/2026\/03\/savernou_packing_raclette_vignette_web_480x480px_v4.jpg, https:\/\/www.savernou.com\/app\/uploads\/2026\/03\/savernou_packing_raclette_vignette_web_480x480px_v4@2x.jpg 2x\"\n                >\n                <img decoding=\"async\" src=\"https:\/\/www.savernou.com\/app\/uploads\/2026\/03\/savernou_packing_raclette_vignette_web_480x480px_v4.png\" data-scroll data-scroll-speed=\"-0.75\" loading=\"lazy\" alt=\"Savernou Packing Raclette Vignette Web 480x480px V4\" \/>\n            <\/picture>\n                    <\/div>\n    <\/div>\n<\/section>\n\n\n<section class=\"texte \" data-scroll-section>\n    <div class=\"container\">\n        <div class=\"bloc-title\">\n                            <h2>Une r\u00e9f\u00e9rence qui enrichit une gamme d\u00e9j\u00e0 bien garnie<\/h2>\n                        <p>Avec cette nouvelle cr\u00e9ation, Savernou \u00e9toffe sa gamme qui compte <strong>16 r\u00e9f\u00e9rences<\/strong>. Des recettes classiques aux associations audacieuses, notre <strong>collection de sticks et mini sticks<\/strong> incarne notre passion pour le go\u00fbt et notre volont\u00e9 de r\u00e9inventer les plaisirs charcutiers. <strong>Le Mini Stick Raclette<\/strong> s\u2019inscrit dans cette dynamique : celle d\u2019un terroir revisit\u00e9, d\u2019un savoir-faire affin\u00e9, et d\u2019une envie constante de surprendre. Il sera disponible dans les enseignes de grande distribution, dans les petites et moyennes surfaces et en restauration hors domicile et \u00e0 l\u2019export d\u2019octobre 2025 \u00e0 mars 2026.<\/p>\n<p>&nbsp;<\/p>\n\n        <\/div>\n    <\/div>\n<\/section>\n","protected":false},"excerpt":{"rendered":"","protected":false},"author":4,"featured_media":0,"parent":0,"menu_order":0,"comment_status":"closed","ping_status":"closed","template":"","meta":{"_acf_changed":false,"footnotes":""},"class_list":["post-2529","page","type-page","status-publish","hentry"],"acf":[],"yoast_head":"<!-- This site is optimized with the Yoast SEO plugin v27.3 - https:\/\/yoast.com\/product\/yoast-seo-wordpress\/ -->\n<title>Nouvelle recette - Savernou<\/title>\n<meta name=\"robots\" content=\"index, follow, max-snippet:-1, max-image-preview:large, max-video-preview:-1\" \/>\n<link rel=\"canonical\" href=\"https:\/\/www.savernou.com\/de\/nouvelle-saveur\/\" \/>\n<meta property=\"og:locale\" content=\"de_DE\" \/>\n<meta property=\"og:type\" content=\"article\" \/>\n<meta property=\"og:title\" content=\"Nouvelle recette - Savernou\" \/>\n<meta property=\"og:url\" content=\"https:\/\/www.savernou.com\/de\/nouvelle-saveur\/\" \/>\n<meta property=\"og:site_name\" content=\"Savernou\" \/>\n<meta property=\"article:modified_time\" content=\"2026-04-01T16:00:22+00:00\" \/>\n<meta name=\"twitter:card\" content=\"summary_large_image\" \/>\n<script type=\"application\/ld+json\" class=\"yoast-schema-graph\">{\"@context\":\"https:\\\/\\\/schema.org\",\"@graph\":[{\"@type\":\"WebPage\",\"@id\":\"https:\\\/\\\/www.savernou.com\\\/de\\\/nouvelle-saveur\\\/\",\"url\":\"https:\\\/\\\/www.savernou.com\\\/de\\\/nouvelle-saveur\\\/\",\"name\":\"Nouvelle recette - Savernou\",\"isPartOf\":{\"@id\":\"https:\\\/\\\/www.auvernou.com\\\/#website\"},\"datePublished\":\"2025-10-01T15:27:10+00:00\",\"dateModified\":\"2026-04-01T16:00:22+00:00\",\"breadcrumb\":{\"@id\":\"https:\\\/\\\/www.savernou.com\\\/de\\\/nouvelle-saveur\\\/#breadcrumb\"},\"inLanguage\":\"de-DE\",\"potentialAction\":[{\"@type\":\"ReadAction\",\"target\":[\"https:\\\/\\\/www.savernou.com\\\/de\\\/nouvelle-saveur\\\/\"]}]},{\"@type\":\"BreadcrumbList\",\"@id\":\"https:\\\/\\\/www.savernou.com\\\/de\\\/nouvelle-saveur\\\/#breadcrumb\",\"itemListElement\":[{\"@type\":\"ListItem\",\"position\":1,\"name\":\"Startseite\",\"item\":\"https:\\\/\\\/www.savernou.com\\\/de\\\/\"},{\"@type\":\"ListItem\",\"position\":2,\"name\":\"Nouvelle recette\"}]},{\"@type\":\"WebSite\",\"@id\":\"https:\\\/\\\/www.auvernou.com\\\/#website\",\"url\":\"https:\\\/\\\/www.auvernou.com\\\/\",\"name\":\"Savernou\",\"description\":\"\",\"potentialAction\":[{\"@type\":\"SearchAction\",\"target\":{\"@type\":\"EntryPoint\",\"urlTemplate\":\"https:\\\/\\\/www.auvernou.com\\\/?s={search_term_string}\"},\"query-input\":{\"@type\":\"PropertyValueSpecification\",\"valueRequired\":true,\"valueName\":\"search_term_string\"}}],\"inLanguage\":\"de-DE\"}]}<\/script>\n<!-- \/ Yoast SEO plugin. -->","yoast_head_json":{"title":"Nouvelle recette - Savernou","robots":{"index":"index","follow":"follow","max-snippet":"max-snippet:-1","max-image-preview":"max-image-preview:large","max-video-preview":"max-video-preview:-1"},"canonical":"https:\/\/www.savernou.com\/de\/nouvelle-saveur\/","og_locale":"de_DE","og_type":"article","og_title":"Nouvelle recette - Savernou","og_url":"https:\/\/www.savernou.com\/de\/nouvelle-saveur\/","og_site_name":"Savernou","article_modified_time":"2026-04-01T16:00:22+00:00","twitter_card":"summary_large_image","schema":{"@context":"https:\/\/schema.org","@graph":[{"@type":"WebPage","@id":"https:\/\/www.savernou.com\/de\/nouvelle-saveur\/","url":"https:\/\/www.savernou.com\/de\/nouvelle-saveur\/","name":"Nouvelle recette - Savernou","isPartOf":{"@id":"https:\/\/www.auvernou.com\/#website"},"datePublished":"2025-10-01T15:27:10+00:00","dateModified":"2026-04-01T16:00:22+00:00","breadcrumb":{"@id":"https:\/\/www.savernou.com\/de\/nouvelle-saveur\/#breadcrumb"},"inLanguage":"de-DE","potentialAction":[{"@type":"ReadAction","target":["https:\/\/www.savernou.com\/de\/nouvelle-saveur\/"]}]},{"@type":"BreadcrumbList","@id":"https:\/\/www.savernou.com\/de\/nouvelle-saveur\/#breadcrumb","itemListElement":[{"@type":"ListItem","position":1,"name":"Startseite","item":"https:\/\/www.savernou.com\/de\/"},{"@type":"ListItem","position":2,"name":"Nouvelle recette"}]},{"@type":"WebSite","@id":"https:\/\/www.auvernou.com\/#website","url":"https:\/\/www.auvernou.com\/","name":"Savernou","description":"","potentialAction":[{"@type":"SearchAction","target":{"@type":"EntryPoint","urlTemplate":"https:\/\/www.auvernou.com\/?s={search_term_string}"},"query-input":{"@type":"PropertyValueSpecification","valueRequired":true,"valueName":"search_term_string"}}],"inLanguage":"de-DE"}]}},"_links":{"self":[{"href":"https:\/\/www.savernou.com\/de\/wp-json\/wp\/v2\/pages\/2529","targetHints":{"allow":["GET"]}}],"collection":[{"href":"https:\/\/www.savernou.com\/de\/wp-json\/wp\/v2\/pages"}],"about":[{"href":"https:\/\/www.savernou.com\/de\/wp-json\/wp\/v2\/types\/page"}],"author":[{"embeddable":true,"href":"https:\/\/www.savernou.com\/de\/wp-json\/wp\/v2\/users\/4"}],"replies":[{"embeddable":true,"href":"https:\/\/www.savernou.com\/de\/wp-json\/wp\/v2\/comments?post=2529"}],"version-history":[{"count":11,"href":"https:\/\/www.savernou.com\/de\/wp-json\/wp\/v2\/pages\/2529\/revisions"}],"predecessor-version":[{"id":2965,"href":"https:\/\/www.savernou.com\/de\/wp-json\/wp\/v2\/pages\/2529\/revisions\/2965"}],"wp:attachment":[{"href":"https:\/\/www.savernou.com\/de\/wp-json\/wp\/v2\/media?parent=2529"}],"curies":[{"name":"wp","href":"https:\/\/api.w.org\/{rel}","templated":true}]}}