{"id":2267,"date":"2023-09-25T13:45:39","date_gmt":"2023-09-25T11:45:39","guid":{"rendered":"https:\/\/www.savernou.com\/?page_id=2267"},"modified":"2023-09-25T14:05:22","modified_gmt":"2023-09-25T12:05:22","slug":"le-salon-anuga","status":"publish","type":"page","link":"https:\/\/www.savernou.com\/de\/le-salon-anuga\/","title":{"rendered":"Le salon Anuga"},"content":{"rendered":"<section class=\"intro\" data-scroll-section>\n    <div class=\"container\">\n        <div class=\"bloc-title\">\n            <h1>Retrouvez-nous au salon Anuga !<\/h1>\n            <p><strong>L&#8217;un des plus grands salons international de l&#8217;alimentation : l&#8217;occasion pour venir nous d\u00e9couvrir !<\/strong><\/p>\n<p><img loading=\"lazy\" decoding=\"async\" class=\"wp-image-2272 aligncenter\" src=\"https:\/\/www.savernou.com\/app\/uploads\/2023\/08\/anuga-2023-300x200.jpg\" alt=\"Anuga 2023\" width=\"260\" height=\"174\" srcset=\"https:\/\/www.savernou.com\/app\/uploads\/2023\/08\/anuga-2023-300x200.jpg 300w, https:\/\/www.savernou.com\/app\/uploads\/2023\/08\/anuga-2023.jpg 750w\" sizes=\"auto, (max-width: 260px) 100vw, 260px\" \/><\/p>\n\n        <\/div>\n    <\/div>\n<\/section>\n\n\n    <section class=\"texte-image right  \" data-scroll-section>\n                        <svg width=\"1440\" preserveAspectRatio=\"none\" height=\"116\" viewBox=\"0 0 1440 116\" fill=\"none\" xmlns=\"http:\/\/www.w3.org\/2000\/svg\">\n                <path class=\"path\" d=\"M-45.7949 114.621C37.0895 62.5224 233.762 -26.0458 357.379 36.4729C511.899 114.621 613.137 59.5623 629.122 24.0403C645.107 -11.4817 478.154 -13.2578 565.182 79.0993C652.211 171.456 1311.14 -13.258 1479.87 96.8601\" stroke=\"black\" stroke-linejoin=\"round\" \/>\n                <path class=\"dashed\" d=\"M-45.7949 114.621C37.0895 62.5224 233.762 -26.0458 357.379 36.4729C511.899 114.621 613.137 59.5623 629.122 24.0403C645.107 -11.4817 478.154 -13.2578 565.182 79.0993C652.211 171.456 1311.14 -13.258 1479.87 96.8601\" fill=\"none\" stroke=\"#fff\" stroke-width=\"4\" stroke-linejoin=\"round\"\/>\n            <\/svg>\n                <div class=\"container\">\n        <div class=\"bloc-txt\">\n            <h2>Auvernou se d\u00e9place \u00e0 Cologne !<\/h2>\n            <p>Venez rencontrer Auvernou \u00e0 Cologne ! Le salon ANUGA est un salon de l&#8217;alimentation tr\u00e8s connu. Il a lieu tous les deux ans. Cette ann\u00e9e, le salon se d\u00e9roule du 07 au 11 octobre avec au total 7590 exposants, 106 pays repr\u00e9sent\u00e9s et 170 000 visiteurs de 201 pays attendus.<\/p>\n<p>Les \u00e9quipes d&#8217;Auvernou sont pr\u00e9sentes \u00e0 l&#8217;\u00e9v\u00e9nement et vous invite \u00e0 venir les rencontrer pour vous pr\u00e9senter les lancements et les activations de la marque.<\/p>\n<p>Vous pourrez les retrouver sur le stand B030 Hall 5.2.<\/p>\n\n                            <a href=\"https:\/\/www.savernou.com\/de\/produits\/mini-sticks-comte-noisettes\/\" class=\"bloc\">\n                    <div class=\"profil\">\n                        <picture>\n                            <source\n                                type=\"image\/webp\"\n                                srcset=\"https:\/\/www.savernou.com\/app\/uploads\/2026\/03\/savernou-fp-mini-sticks-comte-noisettes-2def-pasnouveau-480x480-1-95x95.webp, https:\/\/www.savernou.com\/app\/uploads\/2026\/03\/savernou-fp-mini-sticks-comte-noisettes-2def-pasnouveau-480x480-1-190x190@2x.webp 2x\"\n                            >\n                            <source\n                                type=\"image\/jpeg\"\n                                srcset=\"https:\/\/www.savernou.com\/app\/uploads\/2026\/03\/savernou-fp-mini-sticks-comte-noisettes-2def-pasnouveau-480x480-1-95x95.jpg, https:\/\/www.savernou.com\/app\/uploads\/2026\/03\/savernou-fp-mini-sticks-comte-noisettes-2def-pasnouveau-480x480-1-190x190@2x.jpg 2x\"\n                            >\n                            <img decoding=\"async\" src=\"https:\/\/www.savernou.com\/app\/uploads\/2026\/03\/savernou-fp-mini-sticks-comte-noisettes-2def-pasnouveau-480x480-1-95x95.png\" loading=\"lazy\" alt=\"Mini-Sticks Comt\u00e9 AOP Haseln\u00fcsse\" \/>\n                        <\/picture>\n                    <\/div>\n                    <div class=\"contain-txt\">\n                        <p class=\"title\" style=\"color:\">Entdecken Sie weitere Produkte<\/p>\n                        <p class=\"name\">Mini-Sticks Comt\u00e9 AOP Haseln\u00fcsse<\/p>\n                        <span class=\"arrow\" style=\"background-color:\">arrow<\/span>\n                        <span style=\"border:1px solid \">arrow<\/span>\n                    <\/div>\n                <\/a>\n                                <\/div>\n        <div class=\"bloc-img brush\">\n            <picture>\n                <source\n                type=\"image\/webp\"\n                srcset=\"https:\/\/www.savernou.com\/app\/uploads\/2023\/08\/anuga-1180x675.webp, https:\/\/www.savernou.com\/app\/uploads\/2023\/08\/anuga-1180x675@2x.webp 2x\"\n                >\n                <source\n                type=\"image\/jpeg\"\n                srcset=\"https:\/\/www.savernou.com\/app\/uploads\/2023\/08\/anuga-1180x675.jpg, https:\/\/www.savernou.com\/app\/uploads\/2023\/08\/anuga-1180x675@2x.jpg 2x\"\n                >\n                <img decoding=\"async\" src=\"https:\/\/www.savernou.com\/app\/uploads\/2023\/08\/anuga-1180x675.jpg\" data-scroll data-scroll-speed=\"-0.75\" loading=\"lazy\" alt=\"Anuga\" \/>\n            <\/picture>\n                    <\/div>\n    <\/div>\n<\/section>\n","protected":false},"excerpt":{"rendered":"","protected":false},"author":4,"featured_media":2272,"parent":0,"menu_order":0,"comment_status":"closed","ping_status":"closed","template":"","meta":{"_acf_changed":false,"footnotes":""},"class_list":["post-2267","page","type-page","status-publish","has-post-thumbnail","hentry"],"acf":[],"yoast_head":"<!-- This site is optimized with the Yoast SEO plugin v27.6 - https:\/\/yoast.com\/product\/yoast-seo-wordpress\/ -->\n<title>Le salon Anuga - Savernou<\/title>\n<meta name=\"robots\" content=\"index, follow, max-snippet:-1, max-image-preview:large, max-video-preview:-1\" \/>\n<link rel=\"canonical\" href=\"https:\/\/www.savernou.com\/de\/le-salon-anuga\/\" \/>\n<meta property=\"og:locale\" content=\"de_DE\" \/>\n<meta property=\"og:type\" content=\"article\" \/>\n<meta property=\"og:title\" content=\"Le salon Anuga - Savernou\" \/>\n<meta property=\"og:url\" content=\"https:\/\/www.savernou.com\/de\/le-salon-anuga\/\" \/>\n<meta property=\"og:site_name\" content=\"Savernou\" \/>\n<meta property=\"article:modified_time\" content=\"2023-09-25T12:05:22+00:00\" \/>\n<meta property=\"og:image\" content=\"https:\/\/www.auvernou.com\/app\/uploads\/2023\/08\/anuga-2023.jpg\" \/>\n\t<meta property=\"og:image:width\" content=\"750\" \/>\n\t<meta property=\"og:image:height\" content=\"500\" \/>\n\t<meta property=\"og:image:type\" content=\"image\/jpeg\" \/>\n<meta name=\"twitter:card\" content=\"summary_large_image\" \/>\n<script type=\"application\/ld+json\" class=\"yoast-schema-graph\">{\"@context\":\"https:\\\/\\\/schema.org\",\"@graph\":[{\"@type\":\"WebPage\",\"@id\":\"https:\\\/\\\/www.savernou.com\\\/de\\\/le-salon-anuga\\\/\",\"url\":\"https:\\\/\\\/www.savernou.com\\\/de\\\/le-salon-anuga\\\/\",\"name\":\"Le salon Anuga - Savernou\",\"isPartOf\":{\"@id\":\"https:\\\/\\\/www.auvernou.com\\\/#website\"},\"primaryImageOfPage\":{\"@id\":\"https:\\\/\\\/www.savernou.com\\\/de\\\/le-salon-anuga\\\/#primaryimage\"},\"image\":{\"@id\":\"https:\\\/\\\/www.savernou.com\\\/de\\\/le-salon-anuga\\\/#primaryimage\"},\"thumbnailUrl\":\"https:\\\/\\\/www.savernou.com\\\/app\\\/uploads\\\/2023\\\/08\\\/anuga-2023.jpg\",\"datePublished\":\"2023-09-25T11:45:39+00:00\",\"dateModified\":\"2023-09-25T12:05:22+00:00\",\"breadcrumb\":{\"@id\":\"https:\\\/\\\/www.savernou.com\\\/de\\\/le-salon-anuga\\\/#breadcrumb\"},\"inLanguage\":\"de-DE\",\"potentialAction\":[{\"@type\":\"ReadAction\",\"target\":[\"https:\\\/\\\/www.savernou.com\\\/de\\\/le-salon-anuga\\\/\"]}]},{\"@type\":\"ImageObject\",\"inLanguage\":\"de-DE\",\"@id\":\"https:\\\/\\\/www.savernou.com\\\/de\\\/le-salon-anuga\\\/#primaryimage\",\"url\":\"https:\\\/\\\/www.savernou.com\\\/app\\\/uploads\\\/2023\\\/08\\\/anuga-2023.jpg\",\"contentUrl\":\"https:\\\/\\\/www.savernou.com\\\/app\\\/uploads\\\/2023\\\/08\\\/anuga-2023.jpg\",\"width\":750,\"height\":500,\"caption\":\"Anuga 2023\"},{\"@type\":\"BreadcrumbList\",\"@id\":\"https:\\\/\\\/www.savernou.com\\\/de\\\/le-salon-anuga\\\/#breadcrumb\",\"itemListElement\":[{\"@type\":\"ListItem\",\"position\":1,\"name\":\"Startseite\",\"item\":\"https:\\\/\\\/www.savernou.com\\\/de\\\/\"},{\"@type\":\"ListItem\",\"position\":2,\"name\":\"Le salon Anuga\"}]},{\"@type\":\"WebSite\",\"@id\":\"https:\\\/\\\/www.auvernou.com\\\/#website\",\"url\":\"https:\\\/\\\/www.auvernou.com\\\/\",\"name\":\"Savernou\",\"description\":\"\",\"potentialAction\":[{\"@type\":\"SearchAction\",\"target\":{\"@type\":\"EntryPoint\",\"urlTemplate\":\"https:\\\/\\\/www.auvernou.com\\\/?s={search_term_string}\"},\"query-input\":{\"@type\":\"PropertyValueSpecification\",\"valueRequired\":true,\"valueName\":\"search_term_string\"}}],\"inLanguage\":\"de-DE\"}]}<\/script>\n<!-- \/ Yoast SEO plugin. -->","yoast_head_json":{"title":"Le salon Anuga - Savernou","robots":{"index":"index","follow":"follow","max-snippet":"max-snippet:-1","max-image-preview":"max-image-preview:large","max-video-preview":"max-video-preview:-1"},"canonical":"https:\/\/www.savernou.com\/de\/le-salon-anuga\/","og_locale":"de_DE","og_type":"article","og_title":"Le salon Anuga - Savernou","og_url":"https:\/\/www.savernou.com\/de\/le-salon-anuga\/","og_site_name":"Savernou","article_modified_time":"2023-09-25T12:05:22+00:00","og_image":[{"width":750,"height":500,"url":"https:\/\/www.auvernou.com\/app\/uploads\/2023\/08\/anuga-2023.jpg","type":"image\/jpeg"}],"twitter_card":"summary_large_image","schema":{"@context":"https:\/\/schema.org","@graph":[{"@type":"WebPage","@id":"https:\/\/www.savernou.com\/de\/le-salon-anuga\/","url":"https:\/\/www.savernou.com\/de\/le-salon-anuga\/","name":"Le salon Anuga - Savernou","isPartOf":{"@id":"https:\/\/www.auvernou.com\/#website"},"primaryImageOfPage":{"@id":"https:\/\/www.savernou.com\/de\/le-salon-anuga\/#primaryimage"},"image":{"@id":"https:\/\/www.savernou.com\/de\/le-salon-anuga\/#primaryimage"},"thumbnailUrl":"https:\/\/www.savernou.com\/app\/uploads\/2023\/08\/anuga-2023.jpg","datePublished":"2023-09-25T11:45:39+00:00","dateModified":"2023-09-25T12:05:22+00:00","breadcrumb":{"@id":"https:\/\/www.savernou.com\/de\/le-salon-anuga\/#breadcrumb"},"inLanguage":"de-DE","potentialAction":[{"@type":"ReadAction","target":["https:\/\/www.savernou.com\/de\/le-salon-anuga\/"]}]},{"@type":"ImageObject","inLanguage":"de-DE","@id":"https:\/\/www.savernou.com\/de\/le-salon-anuga\/#primaryimage","url":"https:\/\/www.savernou.com\/app\/uploads\/2023\/08\/anuga-2023.jpg","contentUrl":"https:\/\/www.savernou.com\/app\/uploads\/2023\/08\/anuga-2023.jpg","width":750,"height":500,"caption":"Anuga 2023"},{"@type":"BreadcrumbList","@id":"https:\/\/www.savernou.com\/de\/le-salon-anuga\/#breadcrumb","itemListElement":[{"@type":"ListItem","position":1,"name":"Startseite","item":"https:\/\/www.savernou.com\/de\/"},{"@type":"ListItem","position":2,"name":"Le salon Anuga"}]},{"@type":"WebSite","@id":"https:\/\/www.auvernou.com\/#website","url":"https:\/\/www.auvernou.com\/","name":"Savernou","description":"","potentialAction":[{"@type":"SearchAction","target":{"@type":"EntryPoint","urlTemplate":"https:\/\/www.auvernou.com\/?s={search_term_string}"},"query-input":{"@type":"PropertyValueSpecification","valueRequired":true,"valueName":"search_term_string"}}],"inLanguage":"de-DE"}]}},"_links":{"self":[{"href":"https:\/\/www.savernou.com\/de\/wp-json\/wp\/v2\/pages\/2267","targetHints":{"allow":["GET"]}}],"collection":[{"href":"https:\/\/www.savernou.com\/de\/wp-json\/wp\/v2\/pages"}],"about":[{"href":"https:\/\/www.savernou.com\/de\/wp-json\/wp\/v2\/types\/page"}],"author":[{"embeddable":true,"href":"https:\/\/www.savernou.com\/de\/wp-json\/wp\/v2\/users\/4"}],"replies":[{"embeddable":true,"href":"https:\/\/www.savernou.com\/de\/wp-json\/wp\/v2\/comments?post=2267"}],"version-history":[{"count":41,"href":"https:\/\/www.savernou.com\/de\/wp-json\/wp\/v2\/pages\/2267\/revisions"}],"predecessor-version":[{"id":2445,"href":"https:\/\/www.savernou.com\/de\/wp-json\/wp\/v2\/pages\/2267\/revisions\/2445"}],"wp:featuredmedia":[{"embeddable":true,"href":"https:\/\/www.savernou.com\/de\/wp-json\/wp\/v2\/media\/2272"}],"wp:attachment":[{"href":"https:\/\/www.savernou.com\/de\/wp-json\/wp\/v2\/media?parent=2267"}],"curies":[{"name":"wp","href":"https:\/\/api.w.org\/{rel}","templated":true}]}}