{"id":1398,"date":"2021-08-23T09:51:05","date_gmt":"2021-08-23T09:51:05","guid":{"rendered":"https:\/\/www.savernou.com\/nos-engagements\/"},"modified":"2026-04-02T16:00:47","modified_gmt":"2026-04-02T14:00:47","slug":"unser-verpflichtung","status":"publish","type":"page","link":"https:\/\/www.savernou.com\/de\/unser-verpflichtung\/","title":{"rendered":"Unser Verpflichtung"},"content":{"rendered":"<section class=\"intro\" data-scroll-section>\n    <div class=\"container\">\n        <div class=\"bloc-title\">\n            <h1>Unser Verpflichtung<\/h1>\n            <p>Bei Savernou gehen wir keine Kompromisse ein, um Ihnen W\u00fcrste anzubieten, die Sie jederzeit und \u00fcberall genie\u00dfen k\u00f6nnen !<\/p>\n\n        <\/div>\n    <\/div>\n<\/section>\n\n\n    <section class=\"texte-image left  txt-encart\" data-scroll-section>\n                        <svg width=\"1440\" preserveAspectRatio=\"none\" height=\"179\" viewBox=\"0 0 1440 179\" fill=\"none\" xmlns=\"http:\/\/www.w3.org\/2000\/svg\">\n                <path class=\"path\" d=\"M-18.5527 178.168C-14.459 172.71 101.077 107.239 353.501 145.444C605.925 183.648 892.904 -59.2479 1062.1 15.7972C1231.29 90.8423 1273.59 100.394 1325.44 58.0956C1377.29 15.7972 1262.67 0.788486 1264.04 58.0956C1265.4 115.403 1377.29 84.0203 1494.63 118.132\" stroke=\"black\" stroke-linejoin=\"round\" \/>\n                <path class=\"dashed\" d=\"M-18.5527 178.168C-14.459 172.71 101.077 107.239 353.501 145.444C605.925 183.648 892.904 -59.2479 1062.1 15.7972C1231.29 90.8423 1273.59 100.394 1325.44 58.0956C1377.29 15.7972 1262.67 0.788486 1264.04 58.0956C1265.4 115.403 1377.29 84.0203 1494.63 118.132\" fill=\"none\" stroke=\"#fff\" stroke-width=\"4\" stroke-linejoin=\"round\"\/>\n            <\/svg>\n                <div class=\"container\">\n        <div class=\"bloc-txt\">\n            <h2>Herkunft aus Frankreich<\/h2>\n            <p>Savernou steht stolz f\u00fcr franz\u00f6sische Herkunft, authentischen Geschmack und kompromisslose Qualit\u00e4t.<\/p>\n<p>Unsere W\u00fcrste werden in Frankreich im Herzen des Zentralmassivs nach strengen handwerklichen Traditionen hergestellt. In Frankreich geborene und geschlachtete Schweine, sorgf\u00e4ltig ausgew\u00e4hlte Zutaten und pr\u00e4zise ausgearbeitete Rezepte : Jedes Detail z\u00e4hlt, um ein Geschmackserlebnis zu garantieren, das Ihren Erwartungen gerecht wird.<\/p>\n\n                                <\/div>\n        <div class=\"bloc-img \">\n            <picture>\n                <source\n                type=\"image\/webp\"\n                srcset=\"https:\/\/www.savernou.com\/app\/uploads\/2021\/09\/clemence-bergougnoux-3x59nphemi-unsplash-1180x960.webp, https:\/\/www.savernou.com\/app\/uploads\/2021\/09\/clemence-bergougnoux-3x59nphemi-unsplash-1180x960@2x.webp 2x\"\n                >\n                <source\n                type=\"image\/jpeg\"\n                srcset=\"https:\/\/www.savernou.com\/app\/uploads\/2021\/09\/clemence-bergougnoux-3x59nphemi-unsplash-1180x960.jpg, https:\/\/www.savernou.com\/app\/uploads\/2021\/09\/clemence-bergougnoux-3x59nphemi-unsplash-1180x960@2x.jpg 2x\"\n                >\n                <img decoding=\"async\" src=\"https:\/\/www.savernou.com\/app\/uploads\/2021\/09\/clemence-bergougnoux-3x59nphemi-unsplash-1180x960.jpg\" data-scroll data-scroll-speed=\"-0.75\" loading=\"lazy\" alt=\"Clemence Bergougnoux 3x59nphemi Unsplash\" \/>\n            <\/picture>\n                            <div class=\"encart\">\n                    <img decoding=\"async\" src=\"https:\/\/www.savernou.com\/app\/uploads\/2021\/09\/france.svg\" loading=\"lazy\" alt=\"France\" \/>\n                    <span>Herkunft aus Frankreich<\/span>\n                <\/div>\n                    <\/div>\n    <\/div>\n<\/section>\n\n\n    <section class=\"texte-image right bg-black txt-encart\" data-scroll-section>\n            <div class=\"container\">\n        <div class=\"bloc-txt\">\n            <h2>Geschmack &#038; Genuss<\/h2>\n            <p>Bei Savernou ist Geschmack keine Option, sondern unser oberstes Gebot. Intensiv aromatische, gro\u00dfz\u00fcgig gef\u00fcllte und zart schmelzende W\u00fcrste, die vom ersten Bissen an alle begeistern.<\/p>\n<p>Unser Geheimnis? Hausgemachte Gew\u00fcrzmischungen, die von unseren Teams entwickelt und zubereitet werden, mit einer einzigen Regel : die richtige Balance zwischen Charakter und Finesse zu finden. Sorgf\u00e4ltig ausgew\u00e4hlte Gew\u00fcrze, pr\u00e4zise dosierte Kr\u00e4uter. Echter, authentischer und aufrichtiger Geschmack. Und weil die Feinschmeckerk\u00fcche ein unendliches Spielfeld ist, kreiert Savernou gerne gewagte, manchmal unerwartete, aber immer gekonnte Rezepte. W\u00fcrste, die man teilen kann, die man jederzeit und \u00fcberall genie\u00dfen kann und die Lust machen, immer wieder darauf zur\u00fcckzukommen !<\/p>\n\n                                <\/div>\n        <div class=\"bloc-img \">\n            <picture>\n                <source\n                type=\"image\/webp\"\n                srcset=\"https:\/\/www.savernou.com\/app\/uploads\/2026\/04\/savernou-mini-sticks-piment-scaled-1-1180x960.webp, https:\/\/www.savernou.com\/app\/uploads\/2026\/04\/savernou-mini-sticks-piment-scaled-1-1180x960@2x.webp 2x\"\n                >\n                <source\n                type=\"image\/jpeg\"\n                srcset=\"https:\/\/www.savernou.com\/app\/uploads\/2026\/04\/savernou-mini-sticks-piment-scaled-1-1180x960.jpg, https:\/\/www.savernou.com\/app\/uploads\/2026\/04\/savernou-mini-sticks-piment-scaled-1-1180x960@2x.jpg 2x\"\n                >\n                <img decoding=\"async\" src=\"https:\/\/www.savernou.com\/app\/uploads\/2026\/04\/savernou-mini-sticks-piment-scaled-1-1180x960.png\" data-scroll data-scroll-speed=\"-0.75\" loading=\"lazy\" alt=\"Savernou Mini Sticks Piment Scaled\" \/>\n            <\/picture>\n                            <div class=\"encart\">\n                    <img decoding=\"async\" src=\"https:\/\/www.savernou.com\/app\/uploads\/2021\/09\/cochon.svg\" loading=\"lazy\" alt=\"Cochon\" \/>\n                    <span>Geschmack &#038; Genuss<\/span>\n                <\/div>\n                    <\/div>\n    <\/div>\n<\/section>\n\n\n    <section class=\"texte-image left  txt-encart\" data-scroll-section>\n                        <svg width=\"1440\" preserveAspectRatio=\"none\" height=\"179\" viewBox=\"0 0 1440 179\" fill=\"none\" xmlns=\"http:\/\/www.w3.org\/2000\/svg\">\n                <path class=\"path\" d=\"M-18.5527 178.168C-14.459 172.71 101.077 107.239 353.501 145.444C605.925 183.648 892.904 -59.2479 1062.1 15.7972C1231.29 90.8423 1273.59 100.394 1325.44 58.0956C1377.29 15.7972 1262.67 0.788486 1264.04 58.0956C1265.4 115.403 1377.29 84.0203 1494.63 118.132\" stroke=\"black\" stroke-linejoin=\"round\" \/>\n                <path class=\"dashed\" d=\"M-18.5527 178.168C-14.459 172.71 101.077 107.239 353.501 145.444C605.925 183.648 892.904 -59.2479 1062.1 15.7972C1231.29 90.8423 1273.59 100.394 1325.44 58.0956C1377.29 15.7972 1262.67 0.788486 1264.04 58.0956C1265.4 115.403 1377.29 84.0203 1494.63 118.132\" fill=\"none\" stroke=\"#fff\" stroke-width=\"4\" stroke-linejoin=\"round\"\/>\n            <\/svg>\n                <div class=\"container\">\n        <div class=\"bloc-txt\">\n            <h2>Qualit\u00e4t und Know-how<\/h2>\n            <p>Hinter jeder Savernou-Wurst stecken Fachwissen, Know-how, Zeit und viel Leidenschaft. Die Herstellung basiert auf traditionellen Methoden aus dem Jahr 1866 und wird von Expertenteams durchgef\u00fchrt, die jeden Schritt beherrschen. Hier steht das menschliche Know-how im Vordergrund. Geduld, Sorgfalt und pr\u00e4zise Handgriffe lassen das Fleisch und die Gew\u00fcrze voll zur Geltung kommen, dank einer sorgf\u00e4ltig eingehaltenen Ruhezeit, in der sich tiefe und ausgewogene Aromen entwickeln k\u00f6nnen.<\/p>\n\n                                <\/div>\n        <div class=\"bloc-img \">\n            <picture>\n                <source\n                type=\"image\/webp\"\n                srcset=\"https:\/\/www.savernou.com\/app\/uploads\/2021\/09\/savoir-faire1-scaled.webp, https:\/\/www.savernou.com\/app\/uploads\/2021\/09\/savoir-faire1-scaled@2x.webp 2x\"\n                >\n                <source\n                type=\"image\/jpeg\"\n                srcset=\"https:\/\/www.savernou.com\/app\/uploads\/2021\/09\/savoir-faire1-scaled.jpg, https:\/\/www.savernou.com\/app\/uploads\/2021\/09\/savoir-faire1-scaled@2x.jpg 2x\"\n                >\n                <img decoding=\"async\" src=\"https:\/\/www.savernou.com\/app\/uploads\/2021\/09\/savoir-faire1-scaled.jpg\" data-scroll data-scroll-speed=\"-0.75\" loading=\"lazy\" alt=\"Savoir Faire1\" \/>\n            <\/picture>\n                            <div class=\"encart\">\n                    <img decoding=\"async\" src=\"https:\/\/www.savernou.com\/app\/uploads\/2021\/09\/toque.svg\" loading=\"lazy\" alt=\"Toque\" \/>\n                    <span>Qualit\u00e4t und Know-how<\/span>\n                <\/div>\n                    <\/div>\n    <\/div>\n<\/section>\n","protected":false},"excerpt":{"rendered":"","protected":false},"author":1,"featured_media":0,"parent":0,"menu_order":3,"comment_status":"closed","ping_status":"closed","template":"","meta":{"_acf_changed":false,"footnotes":""},"class_list":["post-1398","page","type-page","status-publish","hentry"],"acf":[],"yoast_head":"<!-- This site is optimized with the Yoast SEO plugin v27.3 - https:\/\/yoast.com\/product\/yoast-seo-wordpress\/ -->\n<title>Unser Verpflichtung - Savernou<\/title>\n<meta name=\"description\" content=\"Die Verpflichtungen von Savernou : k\u00f6stliche Rezepte, anspruchsvolles Know-how und die Freude am Teilen, die jedem Produkt zugrunde liegt.\" \/>\n<meta name=\"robots\" content=\"index, follow, max-snippet:-1, max-image-preview:large, max-video-preview:-1\" \/>\n<link rel=\"canonical\" href=\"https:\/\/www.savernou.com\/de\/unser-verpflichtung\/\" \/>\n<meta property=\"og:locale\" content=\"de_DE\" \/>\n<meta property=\"og:type\" content=\"article\" \/>\n<meta property=\"og:title\" content=\"Unser Verpflichtung - Savernou\" \/>\n<meta property=\"og:description\" content=\"Die Verpflichtungen von Savernou : k\u00f6stliche Rezepte, anspruchsvolles Know-how und die Freude am Teilen, die jedem Produkt zugrunde liegt.\" \/>\n<meta property=\"og:url\" content=\"https:\/\/www.savernou.com\/de\/unser-verpflichtung\/\" \/>\n<meta property=\"og:site_name\" content=\"Savernou\" \/>\n<meta property=\"article:modified_time\" content=\"2026-04-02T14:00:47+00:00\" \/>\n<meta name=\"twitter:card\" content=\"summary_large_image\" \/>\n<script type=\"application\/ld+json\" class=\"yoast-schema-graph\">{\"@context\":\"https:\\\/\\\/schema.org\",\"@graph\":[{\"@type\":\"WebPage\",\"@id\":\"https:\\\/\\\/www.savernou.com\\\/de\\\/unser-verpflichtung\\\/\",\"url\":\"https:\\\/\\\/www.savernou.com\\\/de\\\/unser-verpflichtung\\\/\",\"name\":\"Unser Verpflichtung - Savernou\",\"isPartOf\":{\"@id\":\"https:\\\/\\\/www.auvernou.com\\\/#website\"},\"datePublished\":\"2021-08-23T09:51:05+00:00\",\"dateModified\":\"2026-04-02T14:00:47+00:00\",\"description\":\"Die Verpflichtungen von Savernou : k\u00f6stliche Rezepte, anspruchsvolles Know-how und die Freude am Teilen, die jedem Produkt zugrunde liegt.\",\"breadcrumb\":{\"@id\":\"https:\\\/\\\/www.savernou.com\\\/de\\\/unser-verpflichtung\\\/#breadcrumb\"},\"inLanguage\":\"de-DE\",\"potentialAction\":[{\"@type\":\"ReadAction\",\"target\":[\"https:\\\/\\\/www.savernou.com\\\/de\\\/unser-verpflichtung\\\/\"]}]},{\"@type\":\"BreadcrumbList\",\"@id\":\"https:\\\/\\\/www.savernou.com\\\/de\\\/unser-verpflichtung\\\/#breadcrumb\",\"itemListElement\":[{\"@type\":\"ListItem\",\"position\":1,\"name\":\"Startseite\",\"item\":\"https:\\\/\\\/www.savernou.com\\\/de\\\/\"},{\"@type\":\"ListItem\",\"position\":2,\"name\":\"Unser Verpflichtung\"}]},{\"@type\":\"WebSite\",\"@id\":\"https:\\\/\\\/www.auvernou.com\\\/#website\",\"url\":\"https:\\\/\\\/www.auvernou.com\\\/\",\"name\":\"Savernou\",\"description\":\"\",\"potentialAction\":[{\"@type\":\"SearchAction\",\"target\":{\"@type\":\"EntryPoint\",\"urlTemplate\":\"https:\\\/\\\/www.auvernou.com\\\/?s={search_term_string}\"},\"query-input\":{\"@type\":\"PropertyValueSpecification\",\"valueRequired\":true,\"valueName\":\"search_term_string\"}}],\"inLanguage\":\"de-DE\"}]}<\/script>\n<!-- \/ Yoast SEO plugin. -->","yoast_head_json":{"title":"Unser Verpflichtung - Savernou","description":"Die Verpflichtungen von Savernou : k\u00f6stliche Rezepte, anspruchsvolles Know-how und die Freude am Teilen, die jedem Produkt zugrunde liegt.","robots":{"index":"index","follow":"follow","max-snippet":"max-snippet:-1","max-image-preview":"max-image-preview:large","max-video-preview":"max-video-preview:-1"},"canonical":"https:\/\/www.savernou.com\/de\/unser-verpflichtung\/","og_locale":"de_DE","og_type":"article","og_title":"Unser Verpflichtung - Savernou","og_description":"Die Verpflichtungen von Savernou : k\u00f6stliche Rezepte, anspruchsvolles Know-how und die Freude am Teilen, die jedem Produkt zugrunde liegt.","og_url":"https:\/\/www.savernou.com\/de\/unser-verpflichtung\/","og_site_name":"Savernou","article_modified_time":"2026-04-02T14:00:47+00:00","twitter_card":"summary_large_image","schema":{"@context":"https:\/\/schema.org","@graph":[{"@type":"WebPage","@id":"https:\/\/www.savernou.com\/de\/unser-verpflichtung\/","url":"https:\/\/www.savernou.com\/de\/unser-verpflichtung\/","name":"Unser Verpflichtung - Savernou","isPartOf":{"@id":"https:\/\/www.auvernou.com\/#website"},"datePublished":"2021-08-23T09:51:05+00:00","dateModified":"2026-04-02T14:00:47+00:00","description":"Die Verpflichtungen von Savernou : k\u00f6stliche Rezepte, anspruchsvolles Know-how und die Freude am Teilen, die jedem Produkt zugrunde liegt.","breadcrumb":{"@id":"https:\/\/www.savernou.com\/de\/unser-verpflichtung\/#breadcrumb"},"inLanguage":"de-DE","potentialAction":[{"@type":"ReadAction","target":["https:\/\/www.savernou.com\/de\/unser-verpflichtung\/"]}]},{"@type":"BreadcrumbList","@id":"https:\/\/www.savernou.com\/de\/unser-verpflichtung\/#breadcrumb","itemListElement":[{"@type":"ListItem","position":1,"name":"Startseite","item":"https:\/\/www.savernou.com\/de\/"},{"@type":"ListItem","position":2,"name":"Unser Verpflichtung"}]},{"@type":"WebSite","@id":"https:\/\/www.auvernou.com\/#website","url":"https:\/\/www.auvernou.com\/","name":"Savernou","description":"","potentialAction":[{"@type":"SearchAction","target":{"@type":"EntryPoint","urlTemplate":"https:\/\/www.auvernou.com\/?s={search_term_string}"},"query-input":{"@type":"PropertyValueSpecification","valueRequired":true,"valueName":"search_term_string"}}],"inLanguage":"de-DE"}]}},"_links":{"self":[{"href":"https:\/\/www.savernou.com\/de\/wp-json\/wp\/v2\/pages\/1398","targetHints":{"allow":["GET"]}}],"collection":[{"href":"https:\/\/www.savernou.com\/de\/wp-json\/wp\/v2\/pages"}],"about":[{"href":"https:\/\/www.savernou.com\/de\/wp-json\/wp\/v2\/types\/page"}],"author":[{"embeddable":true,"href":"https:\/\/www.savernou.com\/de\/wp-json\/wp\/v2\/users\/1"}],"replies":[{"embeddable":true,"href":"https:\/\/www.savernou.com\/de\/wp-json\/wp\/v2\/comments?post=1398"}],"version-history":[{"count":7,"href":"https:\/\/www.savernou.com\/de\/wp-json\/wp\/v2\/pages\/1398\/revisions"}],"predecessor-version":[{"id":2987,"href":"https:\/\/www.savernou.com\/de\/wp-json\/wp\/v2\/pages\/1398\/revisions\/2987"}],"wp:attachment":[{"href":"https:\/\/www.savernou.com\/de\/wp-json\/wp\/v2\/media?parent=1398"}],"curies":[{"name":"wp","href":"https:\/\/api.w.org\/{rel}","templated":true}]}}